{"id":22,"date":"2024-09-03T14:23:44","date_gmt":"2024-09-03T14:23:44","guid":{"rendered":"https:\/\/polskaprzeciwrasizmowi.pl\/?page_id=22"},"modified":"2024-09-25T09:38:50","modified_gmt":"2024-09-25T09:38:50","slug":"rasizm-istnieje-takze-w-polsce","status":"publish","type":"page","link":"https:\/\/polskaprzeciwrasizmowi.pl\/index.php\/rasizm-istnieje-takze-w-polsce\/","title":{"rendered":"Do\u0142\u0105cz!"},"content":{"rendered":"\n<p><strong>Wgraj poni\u017cej swoje zdj\u0119cie, do\u0142\u0105czaj\u0105c do niego informacje<\/strong>.<\/p>\n\n\n\n<p><strong>Do\u0142\u0105czymy je do galerii i w\u0142\u0105czymy do obywatelskiej kampanii antyrasistowskiej w mediach spo\u0142eczno\u015bciowych i innych kana\u0142ach komunikacji.<\/strong><\/p>\n\n\n<div class=\"wpforms-container wpforms-container-full wpforms-block wpforms-block-99731ec2-e049-40b8-92cc-8d7695577036 wpforms-render-modern\" id=\"wpforms-539\"><form id=\"wpforms-form-539\" class=\"wpforms-validate wpforms-form wpforms-ajax-form\" data-formid=\"539\" method=\"post\" enctype=\"multipart\/form-data\" action=\"\/index.php\/wp-json\/wp\/v2\/pages\/22?wpforms_form_id=539\" data-token=\"be4ed717c3d303f7c77af3e315cb444e\" data-token-time=\"1775872570\"><noscript class=\"wpforms-error-noscript\">Aby wype\u0142ni\u0107 ten formularz, w\u0142\u0105cz obs\u0142ug\u0119 JavaScript w przegl\u0105darce.<\/noscript><div id=\"wpforms-error-noscript\" style=\"display: none;\">Aby wype\u0142ni\u0107 ten formularz, w\u0142\u0105cz obs\u0142ug\u0119 JavaScript w przegl\u0105darce.<\/div><div class=\"wpforms-field-container\">\t\t<div id=\"wpforms-539-field_2-container\"\n\t\t\tclass=\"wpforms-field wpforms-field-text\"\n\t\t\tdata-field-type=\"text\"\n\t\t\tdata-field-id=\"2\"\n\t\t\t>\n\t\t\t<label class=\"wpforms-field-label\" for=\"wpforms-539-field_2\" >lub swoje Sw\u00f3j<\/label>\n\t\t\t<input type=\"text\" id=\"wpforms-539-field_2\" class=\"wpforms-field-medium\" name=\"wpforms[fields][2]\" >\n\t\t<\/div>\n\t\t<div id=\"wpforms-539-field_1-container\" class=\"wpforms-field wpforms-field-text\" data-field-id=\"1\"><label class=\"wpforms-field-label\" for=\"wpforms-539-field_1\">Twoje imi\u0119 <span class=\"wpforms-required-label\" aria-hidden=\"true\">*<\/span><\/label><input type=\"text\" id=\"wpforms-539-field_1\" class=\"wpforms-field-medium wpforms-field-required\" name=\"wpforms[fields][1]\" aria-errormessage=\"wpforms-539-field_1-error\" required><\/div><div id=\"wpforms-539-field_3-container\" class=\"wpforms-field wpforms-field-email\" data-field-id=\"3\"><label class=\"wpforms-field-label\" for=\"wpforms-539-field_3\">Adres e-mail <span class=\"wpforms-required-label\" aria-hidden=\"true\">*<\/span><\/label><input type=\"email\" id=\"wpforms-539-field_3\" class=\"wpforms-field-medium wpforms-field-required\" name=\"wpforms[fields][3]\" spellcheck=\"false\" aria-errormessage=\"wpforms-539-field_3-error\" required><\/div><div id=\"wpforms-539-field_4-container\" class=\"wpforms-field wpforms-field-text\" data-field-id=\"4\"><label class=\"wpforms-field-label\" for=\"wpforms-539-field_4\">Region lub miejscowo\u015b\u0107.  <span class=\"wpforms-required-label\" aria-hidden=\"true\">*<\/span><\/label><input type=\"text\" id=\"wpforms-539-field_4\" class=\"wpforms-field-medium wpforms-field-required\" name=\"wpforms[fields][4]\" aria-errormessage=\"wpforms-539-field_4-error\" aria-describedby=\"wpforms-539-field_4-description\" required><div id=\"wpforms-539-field_4-description\" class=\"wpforms-field-description\">np: Ma\u0142opolska, podkarpackie, Bia\u0142ystok\u2026<\/div><\/div><div id=\"wpforms-539-field_5-container\" class=\"wpforms-field wpforms-field-text\" data-field-id=\"5\"><label class=\"wpforms-field-label\" for=\"wpforms-539-field_5\">Sw\u00f3j zaw\u00f3d <span class=\"wpforms-required-label\" aria-hidden=\"true\">*<\/span><\/label><input type=\"text\" id=\"wpforms-539-field_5\" class=\"wpforms-field-medium wpforms-field-required\" name=\"wpforms[fields][5]\" aria-errormessage=\"wpforms-539-field_5-error\" aria-describedby=\"wpforms-539-field_5-description\" required><div id=\"wpforms-539-field_5-description\" class=\"wpforms-field-description\">np. kierowca, studentka, piel\u0119gniarka, sprzedawca\u2026<\/div><\/div><div id=\"wpforms-539-field_6-container\" class=\"wpforms-field wpforms-field-file-upload\" data-field-id=\"6\"><label class=\"wpforms-field-label\" for=\"wpforms-539-field_6\">Wgraj swoje zdj\u0119cie <span class=\"wpforms-required-label\" aria-hidden=\"true\">*<\/span><\/label><div\n\t\tclass=\"wpforms-uploader wpforms-field-required\"\n\t\tdata-field-id=\"6\"\n\t\tdata-form-id=\"539\"\n\t\tdata-input-name=\"wpforms_539_6\"\n\t\tdata-extensions=\"png,gif,jpg,jpeg\"\n\t\tdata-max-size=\"10485760\"\n\t\tdata-max-file-number=\"1\"\n\t\tdata-post-max-size=\"134217728\"\n\t\tdata-max-parallel-uploads=\"4\"\n\t\tdata-parallel-uploads=\"true\"\n\t\tdata-file-chunk-size=\"2097152\">\n\t<div class=\"dz-message\">\n\t\t<svg  viewBox=\"0 0 640 640\" focusable=\"false\" data-icon=\"inbox\" width=\"50px\" height=\"50px\" fill=\"currentColor\" aria-hidden=\"true\">\n\t\t\t<path d=\"M352 173.3L352 384C352 401.7 337.7 416 320 416C302.3 416 288 401.7 288 384L288 173.3L246.6 214.7C234.1 227.2 213.8 227.2 201.3 214.7C188.8 202.2 188.8 181.9 201.3 169.4L297.3 73.4C309.8 60.9 330.1 60.9 342.6 73.4L438.6 169.4C451.1 181.9 451.1 202.2 438.6 214.7C426.1 227.2 405.8 227.2 393.3 214.7L352 173.3zM320 464C364.2 464 400 428.2 400 384L480 384C515.3 384 544 412.7 544 448L544 480C544 515.3 515.3 544 480 544L160 544C124.7 544 96 515.3 96 480L96 448C96 412.7 124.7 384 160 384L240 384C240 428.2 275.8 464 320 464zM464 488C477.3 488 488 477.3 488 464C488 450.7 477.3 440 464 440C450.7 440 440 450.7 440 464C440 477.3 450.7 488 464 488z\"\/>\n\t\t<\/svg>\n\n\t\t<span class=\"modern-title\">\n\t\t\t\t\t\t\tDrag &amp; Drop Files, \t\t\t\t<span>Choose Files to Upload<\/span>\n\t\t\t\t\t<\/span>\n\n\t\t\t<\/div>\n<\/div>\n\n<input\n\t\ttype=\"text\"\n\t\tautocomplete=\"off\"\n\t\treadonly\n\t\tclass=\"dropzone-input\"\n\t\tstyle=\"position:absolute!important;clip:rect(0,0,0,0)!important;height:1px!important;width:1px!important;border:0!important;overflow:hidden!important;padding:0!important;margin:0!important;\"\n\t\tid=\"wpforms-539-field_6\"\n\t\tname=\"wpforms_539_6\" required\t\tvalue=\"\">\n<\/div><div id=\"wpforms-539-field_7-container\" class=\"wpforms-field wpforms-field-checkbox\" data-field-id=\"7\"><fieldset><legend class=\"wpforms-field-label\">Subskrybuj<\/legend><ul id=\"wpforms-539-field_7\"><li class=\"choice-1 depth-1\"><input type=\"checkbox\" id=\"wpforms-539-field_7_1\" name=\"wpforms[fields][7][]\" value=\"Zaznacz, je\u015bli nie masz jeszcze subskrypcji i chcesz otrzymywa\u0107 aktualizacje e-mail od Akcja Demokracja?\" aria-errormessage=\"wpforms-539-field_7_1-error\"  ><label class=\"wpforms-field-label-inline\" for=\"wpforms-539-field_7_1\">Zaznacz, je\u015bli nie masz jeszcze subskrypcji i chcesz otrzymywa\u0107 aktualizacje e-mail od Akcja Demokracja?<\/label><\/li><\/ul><\/fieldset><\/div><div id=\"wpforms-539-field_9-container\" class=\"wpforms-field wpforms-field-checkbox\" data-field-id=\"9\"><fieldset><legend class=\"wpforms-field-label\">Zgoda na przetwarzanie danych osobowych <span class=\"wpforms-required-label\" aria-hidden=\"true\">*<\/span><\/legend><ul id=\"wpforms-539-field_9\" class=\"wpforms-field-required\"><li class=\"choice-1 depth-1\"><input type=\"checkbox\" id=\"wpforms-539-field_9_1\" name=\"wpforms[fields][9][]\" value=\"Zgadzam si\u0119 na przetwarzanie przez Akcja Demokracja moich danych osobowych\" aria-errormessage=\"wpforms-539-field_9_1-error\" aria-describedby=\"wpforms-539-field_9-description\" required ><label class=\"wpforms-field-label-inline\" for=\"wpforms-539-field_9_1\">Zgadzam si\u0119 na przetwarzanie przez Akcja Demokracja moich danych osobowych<\/label><\/li><\/ul><div id=\"wpforms-539-field_9-description\" class=\"wpforms-field-description\">Twoja zgoda na przetwarzanie danych osobowych jest konieczna. Zapoznaj si\u0119 z <a href=\"https:\/\/www.akcjademokracja.pl\/klauzula-informacyjna-dla-przeprowadzanych-akcji\/\">Klauzul\u0105 informacyjn\u0105<\/a> oraz <a href=\"https:\/\/www.akcjademokracja.pl\/polityka-prywatnosci-an\/\">Polityk\u0105 Prywatno\u015bci<\/a> przed wys\u0142aniem ankiety, podpisaniem petycji lub wype\u0142nieniem formularza.<\/div><\/fieldset><\/div><script>\n\t\t\t\t( function() {\n\t\t\t\t\tconst style = document.createElement( 'style' );\n\t\t\t\t\tstyle.appendChild( document.createTextNode( '#wpforms-539-field_2-container { position: absolute !important; overflow: hidden !important; display: inline !important; height: 1px !important; width: 1px !important; z-index: -1000 !important; padding: 0 !important; } #wpforms-539-field_2-container input { visibility: hidden; } #wpforms-conversational-form-page #wpforms-539-field_2-container label { counter-increment: none; }' ) );\n\t\t\t\t\tdocument.head.appendChild( style );\n\t\t\t\t\tdocument.currentScript?.remove();\n\t\t\t\t} )();\n\t\t\t<\/script><\/div><!-- .wpforms-field-container --><div class=\"wpforms-submit-container\" ><input type=\"hidden\" name=\"wpforms[id]\" value=\"539\"><input type=\"hidden\" name=\"page_title\" value=\"\"><input type=\"hidden\" name=\"page_url\" value=\"https:\/\/polskaprzeciwrasizmowi.pl\/index.php\/wp-json\/wp\/v2\/pages\/22\"><input type=\"hidden\" name=\"url_referer\" value=\"\"><button type=\"submit\" name=\"wpforms[submit]\" id=\"wpforms-submit-539\" class=\"wpforms-submit\" data-alt-text=\"Wysy\u0142anie...\" data-submit-text=\"Prze\u015blij\" aria-live=\"assertive\" value=\"wpforms-submit\">Prze\u015blij<\/button><img loading=\"lazy\" decoding=\"async\" src=\"https:\/\/polskaprzeciwrasizmowi.pl\/wp-content\/plugins\/wpforms\/assets\/images\/submit-spin.svg\" class=\"wpforms-submit-spinner\" style=\"display: none;\" width=\"26\" height=\"26\" alt=\"Wczytywanie\"><\/div><\/form><\/div>  <!-- .wpforms-container -->","protected":false},"excerpt":{"rendered":"<p>Wgraj poni\u017cej swoje zdj\u0119cie, do\u0142\u0105czaj\u0105c do niego informacje. Do\u0142\u0105czymy je do galerii i w\u0142\u0105czymy do obywatelskiej kampanii antyrasistowskiej w mediach spo\u0142eczno\u015bciowych i innych kana\u0142ach komunikacji.<\/p>\n","protected":false},"author":1,"featured_media":0,"parent":0,"menu_order":0,"comment_status":"closed","ping_status":"closed","template":"","meta":{"footnotes":""},"class_list":["post-22","page","type-page","status-publish","hentry","missing-thumbnail"],"jetpack_sharing_enabled":true,"_links":{"self":[{"href":"https:\/\/polskaprzeciwrasizmowi.pl\/index.php\/wp-json\/wp\/v2\/pages\/22","targetHints":{"allow":["GET"]}}],"collection":[{"href":"https:\/\/polskaprzeciwrasizmowi.pl\/index.php\/wp-json\/wp\/v2\/pages"}],"about":[{"href":"https:\/\/polskaprzeciwrasizmowi.pl\/index.php\/wp-json\/wp\/v2\/types\/page"}],"author":[{"embeddable":true,"href":"https:\/\/polskaprzeciwrasizmowi.pl\/index.php\/wp-json\/wp\/v2\/users\/1"}],"replies":[{"embeddable":true,"href":"https:\/\/polskaprzeciwrasizmowi.pl\/index.php\/wp-json\/wp\/v2\/comments?post=22"}],"version-history":[{"count":7,"href":"https:\/\/polskaprzeciwrasizmowi.pl\/index.php\/wp-json\/wp\/v2\/pages\/22\/revisions"}],"predecessor-version":[{"id":545,"href":"https:\/\/polskaprzeciwrasizmowi.pl\/index.php\/wp-json\/wp\/v2\/pages\/22\/revisions\/545"}],"wp:attachment":[{"href":"https:\/\/polskaprzeciwrasizmowi.pl\/index.php\/wp-json\/wp\/v2\/media?parent=22"}],"curies":[{"name":"wp","href":"https:\/\/api.w.org\/{rel}","templated":true}]}}