{"id":568,"date":"2024-11-07T13:54:54","date_gmt":"2024-11-07T13:54:54","guid":{"rendered":"https:\/\/polskaprzeciwrasizmowi.pl\/?page_id=568"},"modified":"2024-11-07T13:54:54","modified_gmt":"2024-11-07T13:54:54","slug":"o-kampanii","status":"publish","type":"page","link":"https:\/\/polskaprzeciwrasizmowi.pl\/index.php\/o-kampanii\/","title":{"rendered":"O kampanii"},"content":{"rendered":"\n<h2 class=\"wp-block-heading\">Rasizm istnieje. Tak\u017ce w Polsce.<\/h2>\n\n\n\n<p>Mo\u017cemy pozwoli\u0107 mu si\u0119 rozprzestrzenia\u0107, jak epidemii. Politycy, dziennikarze, celebryci pozwalaj\u0105 sobie na rasistowskie podteksty, na szerzenie nienawi\u015bci. Buduj\u0105 sw\u00f3j kapita\u0142 polityczny czy spo\u0142eczny na strachu. Ka\u017cda, nawet pojedyncza wypowied\u017a z ust najwa\u017cniejszych os\u00f3b w kraju, wp\u0142ywa na osoby, kt\u00f3re jej s\u0142uchaj\u0105. I ka\u017cda dociera do tysi\u0119cy lub milion\u00f3w os\u00f3b. Wpisy, artyku\u0142y, filmy, kt\u00f3re ogl\u0105daj\u0105 tysi\u0105ce m\u0142odych os\u00f3b w Internecie, normalizuj\u0105 rasizm, ot\u0119piaj\u0105 nasz\u0105 empati\u0119 i wra\u017cliwo\u015b\u0107 na krzywd\u0119 drugiego cz\u0142owieka, nasz\u0105 zdolno\u015b\u0107 do reagowania. Nakr\u0119caj\u0105 nagonk\u0119, kt\u00f3ra przenosi si\u0119 na ulice, do szk\u00f3\u0142, zak\u0142ad\u00f3w pracy, na place zabaw.<\/p>\n\n\n\n<p>Ale mo\u017cemy my si\u0119 te\u017c przeciwstawi\u0107. To ka\u017cdy i ka\u017cda z nas stworzy spo\u0142ecze\u0144stwo, kt\u00f3re \u015bwiadomie sprzeciwi si\u0119 rasizmowi. To Tw\u00f3j g\u0142os b\u0119dzie tym, kt\u00f3ry stawia tam\u0119 epidemii rasizmu. Dzia\u0142aj\u0105c razem tworzymy Polsk\u0119, w kt\u00f3rej nie ma przyzwolenia na rasizm.<\/p>\n\n\n\n<div class=\"wp-block-buttons is-layout-flex wp-block-buttons-is-layout-flex\">\n<div class=\"wp-block-button\"><a class=\"wp-block-button__link wp-element-button\" href=\"https:\/\/polskaprzeciwrasizmowi.pl\/index.php\/rasizm-istnieje-takze-w-polsce\/\">Do\u0142\u0105cz<\/a><\/div>\n<\/div>\n\n\n\n<h5 class=\"wp-block-heading\"><em>\u201cNie b\u0105d\u017acie oboj\u0119tni, kiedy jakakolwiek mniejszo\u015b\u0107 jest dyskryminowana&#8221;<\/em><br>Marian Turski, ocala\u0142y z Auschwitz-Birkenau<\/h5>\n","protected":false},"excerpt":{"rendered":"<p>Rasizm istnieje. Tak\u017ce w Polsce. Mo\u017cemy pozwoli\u0107 mu si\u0119 rozprzestrzenia\u0107, jak epidemii. Politycy, dziennikarze, celebryci pozwalaj\u0105 sobie na rasistowskie podteksty, na szerzenie nienawi\u015bci. Buduj\u0105 sw\u00f3j kapita\u0142 polityczny czy spo\u0142eczny na strachu. Ka\u017cda, nawet pojedyncza wypowied\u017a z ust najwa\u017cniejszych os\u00f3b w kraju, wp\u0142ywa na osoby, kt\u00f3re jej s\u0142uchaj\u0105. I ka\u017cda dociera do tysi\u0119cy lub milion\u00f3w os\u00f3b. [&hellip;]<\/p>\n","protected":false},"author":1,"featured_media":0,"parent":0,"menu_order":0,"comment_status":"closed","ping_status":"closed","template":"","meta":{"footnotes":""},"class_list":["post-568","page","type-page","status-publish","hentry","missing-thumbnail"],"jetpack_sharing_enabled":true,"_links":{"self":[{"href":"https:\/\/polskaprzeciwrasizmowi.pl\/index.php\/wp-json\/wp\/v2\/pages\/568","targetHints":{"allow":["GET"]}}],"collection":[{"href":"https:\/\/polskaprzeciwrasizmowi.pl\/index.php\/wp-json\/wp\/v2\/pages"}],"about":[{"href":"https:\/\/polskaprzeciwrasizmowi.pl\/index.php\/wp-json\/wp\/v2\/types\/page"}],"author":[{"embeddable":true,"href":"https:\/\/polskaprzeciwrasizmowi.pl\/index.php\/wp-json\/wp\/v2\/users\/1"}],"replies":[{"embeddable":true,"href":"https:\/\/polskaprzeciwrasizmowi.pl\/index.php\/wp-json\/wp\/v2\/comments?post=568"}],"version-history":[{"count":1,"href":"https:\/\/polskaprzeciwrasizmowi.pl\/index.php\/wp-json\/wp\/v2\/pages\/568\/revisions"}],"predecessor-version":[{"id":569,"href":"https:\/\/polskaprzeciwrasizmowi.pl\/index.php\/wp-json\/wp\/v2\/pages\/568\/revisions\/569"}],"wp:attachment":[{"href":"https:\/\/polskaprzeciwrasizmowi.pl\/index.php\/wp-json\/wp\/v2\/media?parent=568"}],"curies":[{"name":"wp","href":"https:\/\/api.w.org\/{rel}","templated":true}]}}